{"id":572,"date":"2022-07-08T17:29:32","date_gmt":"2022-07-08T15:29:32","guid":{"rendered":"https:\/\/petrakubaskova.cz\/?page_id=572"},"modified":"2025-09-06T19:13:25","modified_gmt":"2025-09-06T17:13:25","slug":"e-knihy","status":"publish","type":"page","link":"https:\/\/petrakubaskova.cz\/?page_id=572","title":{"rendered":"E-KNIHY"},"content":{"rendered":"\n<p>Trilogii \u010carod\u011bjky malostransk\u00e9 i knihy Ocelov\u00e1 k\u0159\u00eddla mot\u00fdla a S\u00ed\u0165 sn\u016f m\u016f\u017eete zakoupit rovn\u011b\u017e v elektronick\u00e9 podob\u011b.<\/p>\n\n\n\n<p>\u010carod\u011bjka a zlat\u00fd elix\u00edr <a href=\"https:\/\/www.palmknihy.cz\/ekniha\/carodejka-a-zlaty-elixir-341297\" target=\"_blank\" rel=\"noreferrer noopener\">koupit e-knihu<\/a> (s\u00e9rie \u010carod\u011bjky malostransk\u00e9 3)<\/p>\n\n\n\n<figure class=\"wp-block-image size-full is-resized\"><img loading=\"lazy\" decoding=\"async\" width=\"544\" height=\"767\" src=\"https:\/\/petrakubaskova.cz\/wp-content\/uploads\/2025\/09\/obalka-Carodejka-a-zlaty-elixir-1.jpg\" alt=\"\" class=\"wp-image-3113\" style=\"width:173px;height:auto\" srcset=\"https:\/\/petrakubaskova.cz\/wp-content\/uploads\/2025\/09\/obalka-Carodejka-a-zlaty-elixir-1.jpg 544w, https:\/\/petrakubaskova.cz\/wp-content\/uploads\/2025\/09\/obalka-Carodejka-a-zlaty-elixir-1-213x300.jpg 213w\" sizes=\"auto, (max-width: 544px) 100vw, 544px\" \/><\/figure>\n\n\n\n<p>Tajemstv\u00ed St\u0159\u00edbrn\u00e9 \u010darod\u011bjky <a href=\"https:\/\/www.palmknihy.cz\/ekniha\/tajemstvi-stribrne-carodejky-209792\" target=\"_blank\" rel=\"noreferrer noopener\">koupit e-knihu<\/a> (s\u00e9rie \u010carod\u011bjky malostransk\u00e9 2)<\/p>\n\n\n\n<figure class=\"wp-block-image size-full is-resized\"><img loading=\"lazy\" decoding=\"async\" width=\"544\" height=\"767\" src=\"https:\/\/petrakubaskova.cz\/wp-content\/uploads\/2025\/09\/obalka-Tajemstvi-Stribrne-carodejky-1.jpg\" alt=\"\" class=\"wp-image-3114\" style=\"width:176px;height:auto\" srcset=\"https:\/\/petrakubaskova.cz\/wp-content\/uploads\/2025\/09\/obalka-Tajemstvi-Stribrne-carodejky-1.jpg 544w, https:\/\/petrakubaskova.cz\/wp-content\/uploads\/2025\/09\/obalka-Tajemstvi-Stribrne-carodejky-1-213x300.jpg 213w\" sizes=\"auto, (max-width: 544px) 100vw, 544px\" \/><\/figure>\n\n\n\n<p>\u010carod\u011bjky malostransk\u00e9 <a href=\"https:\/\/www.palmknihy.cz\/ekniha\/carodejky-malostranske-184766\" target=\"_blank\" rel=\"noreferrer noopener\">koupit e-knihu<\/a> (s\u00e9rie \u010carod\u011bjky malostransk\u00e9 1)<\/p>\n\n\n\n<figure class=\"wp-block-image size-full is-resized\"><img loading=\"lazy\" decoding=\"async\" width=\"323\" height=\"453\" src=\"https:\/\/petrakubaskova.cz\/wp-content\/uploads\/2020\/02\/\u010darod\u011bjky-malostransk\u00e9-ob\u00e1lka-3.jpg\" alt=\"\" class=\"wp-image-112\" style=\"width:181px;height:255px\" srcset=\"https:\/\/petrakubaskova.cz\/wp-content\/uploads\/2020\/02\/\u010darod\u011bjky-malostransk\u00e9-ob\u00e1lka-3.jpg 323w, https:\/\/petrakubaskova.cz\/wp-content\/uploads\/2020\/02\/\u010darod\u011bjky-malostransk\u00e9-ob\u00e1lka-3-214x300.jpg 214w\" sizes=\"auto, (max-width: 323px) 100vw, 323px\" \/><\/figure>\n\n\n\n<p>S\u00ed\u0165 sn\u016f<a href=\"https:\/\/www.palmknihy.cz\/ekniha\/sit-snu-174230\" target=\"_blank\" rel=\"noreferrer noopener\"> koupit e-knihu<\/a><\/p>\n\n\n\n<figure class=\"wp-block-image size-full is-resized\"><img decoding=\"async\" src=\"https:\/\/petrakubaskova.cz\/wp-content\/uploads\/2022\/07\/sit_snu.jpg\" alt=\"\" class=\"wp-image-548\" style=\"width:193px;height:297px\"\/><\/figure>\n\n\n\n<p><\/p>\n\n\n\n<p>Ocelov\u00e1 k\u0159\u00eddla mot\u00fdla <a href=\"https:\/\/www.palmknihy.cz\/ekniha\/ocelova-kridla-motyla-378948\" data-type=\"link\" data-id=\"https:\/\/www.palmknihy.cz\/ekniha\/ocelova-kridla-motyla-378948\" target=\"_blank\" rel=\"noreferrer noopener\">koupit e-knihu<\/a><\/p>\n\n\n\n<figure class=\"wp-block-image size-full is-resized\"><img loading=\"lazy\" decoding=\"async\" width=\"563\" height=\"563\" src=\"https:\/\/petrakubaskova.cz\/wp-content\/uploads\/2025\/09\/ocelova_kridla_motyla-1.jpg\" alt=\"\" class=\"wp-image-3117\" style=\"width:265px;height:auto\" srcset=\"https:\/\/petrakubaskova.cz\/wp-content\/uploads\/2025\/09\/ocelova_kridla_motyla-1.jpg 563w, https:\/\/petrakubaskova.cz\/wp-content\/uploads\/2025\/09\/ocelova_kridla_motyla-1-300x300.jpg 300w, https:\/\/petrakubaskova.cz\/wp-content\/uploads\/2025\/09\/ocelova_kridla_motyla-1-150x150.jpg 150w\" sizes=\"auto, (max-width: 563px) 100vw, 563px\" \/><\/figure>\n","protected":false},"excerpt":{"rendered":"<p>Trilogii \u010carod\u011bjky malostransk\u00e9 i knihy Ocelov\u00e1 k\u0159\u00eddla mot\u00fdla a S\u00ed\u0165 sn\u016f m\u016f\u017eete zakoupit rovn\u011b\u017e v elektronick\u00e9 podob\u011b. \u010carod\u011bjka a zlat\u00fd elix\u00edr koupit e-knihu (s\u00e9rie \u010carod\u011bjky malostransk\u00e9 3) Tajemstv\u00ed St\u0159\u00edbrn\u00e9 \u010darod\u011bjky koupit e-knihu (s\u00e9rie \u010carod\u011bjky malostransk\u00e9 2) \u010carod\u011bjky malostransk\u00e9 koupit e-knihu (s\u00e9rie \u010carod\u011bjky malostransk\u00e9 1) S\u00ed\u0165 sn\u016f koupit e-knihu Ocelov\u00e1 k\u0159\u00eddla mot\u00fdla koupit e-knihu<\/p>\n","protected":false},"author":1,"featured_media":0,"parent":0,"menu_order":0,"comment_status":"closed","ping_status":"closed","template":"","meta":{"footnotes":""},"class_list":["post-572","page","type-page","status-publish","hentry"],"_links":{"self":[{"href":"https:\/\/petrakubaskova.cz\/index.php?rest_route=\/wp\/v2\/pages\/572","targetHints":{"allow":["GET"]}}],"collection":[{"href":"https:\/\/petrakubaskova.cz\/index.php?rest_route=\/wp\/v2\/pages"}],"about":[{"href":"https:\/\/petrakubaskova.cz\/index.php?rest_route=\/wp\/v2\/types\/page"}],"author":[{"embeddable":true,"href":"https:\/\/petrakubaskova.cz\/index.php?rest_route=\/wp\/v2\/users\/1"}],"replies":[{"embeddable":true,"href":"https:\/\/petrakubaskova.cz\/index.php?rest_route=%2Fwp%2Fv2%2Fcomments&post=572"}],"version-history":[{"count":6,"href":"https:\/\/petrakubaskova.cz\/index.php?rest_route=\/wp\/v2\/pages\/572\/revisions"}],"predecessor-version":[{"id":3119,"href":"https:\/\/petrakubaskova.cz\/index.php?rest_route=\/wp\/v2\/pages\/572\/revisions\/3119"}],"wp:attachment":[{"href":"https:\/\/petrakubaskova.cz\/index.php?rest_route=%2Fwp%2Fv2%2Fmedia&parent=572"}],"curies":[{"name":"wp","href":"https:\/\/api.w.org\/{rel}","templated":true}]}}